{"id":63,"date":"2021-08-29T21:40:22","date_gmt":"2021-08-29T19:40:22","guid":{"rendered":"https:\/\/www.atelierkirchmayr.at\/?page_id=63"},"modified":"2025-01-26T11:43:44","modified_gmt":"2025-01-26T10:43:44","slug":"energetik","status":"publish","type":"page","link":"https:\/\/www.atelierkirchmayr.at\/?page_id=63","title":{"rendered":"Energetik"},"content":{"rendered":"<section class=\"l-section wpb_row hide_on_mobiles height_medium\"><div class=\"l-section-h i-cf\"><div class=\"g-cols vc_row via_grid cols_2-1 laptops-cols_inherit tablets-cols_inherit mobiles-cols_1 valign_top type_default stacking_default\"><div class=\"wpb_column vc_column_container\"><div class=\"vc_column-inner\"><nav class=\"g-breadcrumbs us_custom_0207f80c separator_icon align_none\" itemscope itemtype=\"http:\/\/schema.org\/BreadcrumbList\"><div class=\"g-breadcrumbs-item\" itemscope itemprop=\"itemListElement\" itemtype=\"http:\/\/schema.org\/ListItem\"><a itemprop=\"item\" href=\"https:\/\/www.atelierkirchmayr.at\/\"><span itemprop=\"name\">Startseite<\/span><\/a><meta itemprop=\"position\" content=\"1\"\/><\/div><div class=\"g-breadcrumbs-separator\"><i class=\"fal fa-angle-right\"><\/i><\/div><div class=\"g-breadcrumbs-item\">Seiten<\/div><\/nav><div class=\"w-separator size_custom with_line width_default thick_1 style_solid color_border align_center\" style=\"height:15px\"><div class=\"w-separator-h\"><\/div><\/div><div class=\"wpb_text_column us_custom_432d3f53\"><div class=\"wpb_wrapper\"><p><strong>Energetik &#8211;\u00a0 Leben ist Energie<\/strong><\/p>\n<p>\u201eDIE HAND IST DER VERL\u00c4NGERTE ARM DES HERZENS.\u201c \u00a0&#8211; Andreas Tenzer<\/p>\n<p>Wird der Energiefluss im K\u00f6rper durch Einfl\u00fcsse wie Kummer, Stress, Angstzust\u00e4nde, oder Traumata gest\u00f6rt, so k\u00f6nnen Beschwerden im k\u00f6rperlichen wie im seelischen Bereich auftauchen. Schmerzen, ein geschw\u00e4chtes Immunsystem, M\u00fcdigkeit, Apathie, Schlafst\u00f6rungen etc. lassen uns wissen, dass sich unser K\u00f6rper bzw. unsere Seele in Disharmonie befindet.<\/p>\n<p>Durch energetische Prozesse k\u00f6nnen:<\/p>\n<ul>\n<li>Blockaden gel\u00f6st<\/li>\n<li>schmerzhafte k\u00f6rperliche Abl\u00e4ufe in die Heilung finden<\/li>\n<li>\u00c4ngste betrachtet<\/li>\n<li>Aufl\u00f6sungsprozesse in Gang gebracht werden.<\/li>\n<\/ul>\n<\/div><\/div><\/div><\/div><div class=\"wpb_column vc_column_container\"><div class=\"vc_column-inner\"><div class=\"w-image align_none\"><div class=\"w-image-h\"><img decoding=\"async\" width=\"647\" height=\"859\" src=\"https:\/\/www.atelierkirchmayr.at\/wp-content\/uploads\/2021\/09\/Bild1.jpg\" class=\"attachment-large size-large\" alt=\"\" loading=\"lazy\" srcset=\"https:\/\/www.atelierkirchmayr.at\/wp-content\/uploads\/2021\/09\/Bild1.jpg 647w, https:\/\/www.atelierkirchmayr.at\/wp-content\/uploads\/2021\/09\/Bild1-226x300.jpg 226w\" sizes=\"auto, (max-width: 647px) 100vw, 647px\" \/><\/div><\/div><\/div><\/div><\/div><\/div><\/section><section class=\"l-section wpb_row hide_on_default hide_on_laptops hide_on_tablets height_medium\"><div class=\"l-section-h i-cf\"><div class=\"g-cols vc_row via_grid cols_1 laptops-cols_inherit tablets-cols_inherit mobiles-cols_1 valign_top type_default stacking_default\"><div class=\"wpb_column vc_column_container\"><div class=\"vc_column-inner\"><nav class=\"g-breadcrumbs us_custom_0207f80c separator_icon align_none\" itemscope itemtype=\"http:\/\/schema.org\/BreadcrumbList\"><div class=\"g-breadcrumbs-item\" itemscope itemprop=\"itemListElement\" itemtype=\"http:\/\/schema.org\/ListItem\"><a itemprop=\"item\" href=\"https:\/\/www.atelierkirchmayr.at\/\"><span itemprop=\"name\">Startseite<\/span><\/a><meta itemprop=\"position\" content=\"1\"\/><\/div><div class=\"g-breadcrumbs-separator\"><i class=\"fal fa-angle-right\"><\/i><\/div><div class=\"g-breadcrumbs-item\">Seiten<\/div><\/nav><div class=\"w-separator size_custom with_line width_default thick_1 style_solid color_border align_center\" style=\"height:15px\"><div class=\"w-separator-h\"><\/div><\/div><div class=\"w-image align_none\"><div class=\"w-image-h\"><img decoding=\"async\" width=\"647\" height=\"859\" src=\"https:\/\/www.atelierkirchmayr.at\/wp-content\/uploads\/2021\/09\/Bild1.jpg\" class=\"attachment-large size-large\" alt=\"\" loading=\"lazy\" srcset=\"https:\/\/www.atelierkirchmayr.at\/wp-content\/uploads\/2021\/09\/Bild1.jpg 647w, https:\/\/www.atelierkirchmayr.at\/wp-content\/uploads\/2021\/09\/Bild1-226x300.jpg 226w\" sizes=\"auto, (max-width: 647px) 100vw, 647px\" \/><\/div><\/div><div class=\"w-separator size_custom with_line width_default thick_1 style_solid color_border align_center\" style=\"height:15px\"><div class=\"w-separator-h\"><\/div><\/div><div class=\"wpb_text_column us_custom_1f257949\"><div class=\"wpb_wrapper\"><p><strong>Energetik &#8211;\u00a0 Leben ist Energie<\/strong><\/p>\n<p>\u201eDIE HAND IST DER VERL\u00c4NGERTE ARM DES HERZENS.\u201c \u00a0&#8211; Andreas Tenzer<\/p>\n<p>Wird der Energiefluss im K\u00f6rper durch Einfl\u00fcsse wie Kummer, Stress, Angstzust\u00e4nde, oder Traumata gest\u00f6rt, so k\u00f6nnen Beschwerden im k\u00f6rperlichen wie im seelischen Bereich auftauchen. Schmerzen, ein geschw\u00e4chtes Immunsystem, M\u00fcdigkeit, Apathie, Schlafst\u00f6rungen etc. lassen uns wissen, dass sich unser K\u00f6rper bzw. unsere Seele in Disharmonie befindet.<\/p>\n<p>Durch energetische Prozesse k\u00f6nnen:<\/p>\n<ul>\n<li>Blockaden gel\u00f6st<\/li>\n<li>schmerzhafte k\u00f6rperliche Abl\u00e4ufe in die Heilung finden<\/li>\n<li>\u00c4ngste betrachtet<\/li>\n<li>Aufl\u00f6sungsprozesse in Gang gebracht werden.<\/li>\n<\/ul>\n<\/div><\/div><\/div><\/div><\/div><\/div><\/section><section class=\"l-section wpb_row us_custom_c79387e2 hide_on_mobiles height_small\"><div class=\"l-section-h i-cf\"><div class=\"g-cols vc_row via_grid cols_2-1 laptops-cols_inherit tablets-cols_inherit mobiles-cols_1 valign_top type_default stacking_default\"><div class=\"wpb_column vc_column_container\"><div class=\"vc_column-inner\"><div class=\"wpb_text_column us_custom_e90e228c has_text_color\"><div class=\"wpb_wrapper\"><p>Durch das leichte Auflegen und Ber\u00fchren mit den H\u00e4nden k\u00f6nnen wir Energieblockaden aufsp\u00fcren, Energie zum Flie\u00dfen bringen und so die Selbstheilungskr\u00e4fte aktivieren.<\/p>\n<\/div><\/div><\/div><\/div><div class=\"wpb_column vc_column_container us_custom_4cdb14e3\"><div class=\"vc_column-inner\"><div class=\"w-iconbox iconpos_left style_default color_custom align_left no_text\"><div class=\"w-iconbox-icon\" style=\"font-size:1.5rem;--icon-color:#480615;\"><i class=\"fas fa-clock\"><\/i><\/div><div class=\"w-iconbox-meta\"><h5 class=\"w-iconbox-title\">Einzelsitzung: 50 min<\/h5><\/div><\/div><div class=\"w-separator size_small\"><\/div><div class=\"w-iconbox iconpos_left style_default color_custom align_left no_text\"><div class=\"w-iconbox-icon\" style=\"font-size:1.5rem;--icon-color:#480615;\"><i class=\"fas fa-euro-sign\"><\/i><\/div><div class=\"w-iconbox-meta\"><h6 class=\"w-iconbox-title\">Euro 65,00<\/h6><\/div><\/div><\/div><\/div><\/div><\/div><\/section><section class=\"l-section wpb_row us_custom_9d97ef31 hide_on_default hide_on_laptops hide_on_tablets height_small\"><div class=\"l-section-h i-cf\"><div class=\"g-cols vc_row via_grid cols_2-1 laptops-cols_inherit tablets-cols_inherit mobiles-cols_1 valign_top type_default stacking_default\"><div class=\"wpb_column vc_column_container\"><div class=\"vc_column-inner\"><div class=\"wpb_text_column us_custom_890b9813 has_text_color\"><div class=\"wpb_wrapper\"><p>Durch das leichte Auflegen und Ber\u00fchren mit den H\u00e4nden k\u00f6nnen wir Energieblockaden aufsp\u00fcren, Energie zum Flie\u00dfen bringen und so die Selbstheilungskr\u00e4fte aktivieren.<\/p>\n<\/div><\/div><\/div><\/div><div class=\"wpb_column vc_column_container\"><div class=\"vc_column-inner\"><div class=\"w-iconbox iconpos_left style_default color_custom align_left no_text\"><div class=\"w-iconbox-icon\" style=\"font-size:1.25rem;--icon-color:#480615;\"><i class=\"fas fa-clock\"><\/i><\/div><div class=\"w-iconbox-meta\"><h5 class=\"w-iconbox-title\" style=\"font-size:17px;\">Einzelsitzung: 50 min<\/h5><\/div><\/div><div class=\"w-separator size_small\"><\/div><div class=\"w-iconbox iconpos_left style_default color_custom align_left no_text\"><div class=\"w-iconbox-icon\" style=\"font-size:1.25rem;--icon-color:#480615;\"><i class=\"fas fa-euro-sign\"><\/i><\/div><div class=\"w-iconbox-meta\"><h6 class=\"w-iconbox-title\" style=\"font-size:17px;\">Euro 65,00<\/h6><\/div><\/div><\/div><\/div><\/div><\/div><\/section>\n","protected":false},"excerpt":{"rendered":"StartseiteSeitenEnergetik &#8211;\u00a0 Leben ist Energie \u201eDIE HAND IST DER VERL\u00c4NGERTE ARM DES HERZENS.\u201c \u00a0&#8211; Andreas Tenzer Wird der Energiefluss im K\u00f6rper durch Einfl\u00fcsse wie Kummer, Stress, Angstzust\u00e4nde, oder Traumata gest\u00f6rt, so k\u00f6nnen Beschwerden im k\u00f6rperlichen wie im seelischen Bereich auftauchen. Schmerzen, ein geschw\u00e4chtes Immunsystem, M\u00fcdigkeit, Apathie, Schlafst\u00f6rungen etc. lassen uns wissen, dass sich unser K\u00f6rper...","protected":false},"author":1,"featured_media":0,"parent":0,"menu_order":0,"comment_status":"closed","ping_status":"closed","template":"","meta":{"footnotes":""},"class_list":["post-63","page","type-page","status-publish","hentry"],"_links":{"self":[{"href":"https:\/\/www.atelierkirchmayr.at\/index.php?rest_route=\/wp\/v2\/pages\/63","targetHints":{"allow":["GET"]}}],"collection":[{"href":"https:\/\/www.atelierkirchmayr.at\/index.php?rest_route=\/wp\/v2\/pages"}],"about":[{"href":"https:\/\/www.atelierkirchmayr.at\/index.php?rest_route=\/wp\/v2\/types\/page"}],"author":[{"embeddable":true,"href":"https:\/\/www.atelierkirchmayr.at\/index.php?rest_route=\/wp\/v2\/users\/1"}],"replies":[{"embeddable":true,"href":"https:\/\/www.atelierkirchmayr.at\/index.php?rest_route=%2Fwp%2Fv2%2Fcomments&post=63"}],"version-history":[{"count":21,"href":"https:\/\/www.atelierkirchmayr.at\/index.php?rest_route=\/wp\/v2\/pages\/63\/revisions"}],"predecessor-version":[{"id":488,"href":"https:\/\/www.atelierkirchmayr.at\/index.php?rest_route=\/wp\/v2\/pages\/63\/revisions\/488"}],"wp:attachment":[{"href":"https:\/\/www.atelierkirchmayr.at\/index.php?rest_route=%2Fwp%2Fv2%2Fmedia&parent=63"}],"curies":[{"name":"wp","href":"https:\/\/api.w.org\/{rel}","templated":true}]}}