{"id":61,"date":"2021-08-29T21:40:14","date_gmt":"2021-08-29T19:40:14","guid":{"rendered":"https:\/\/www.atelierkirchmayr.at\/?page_id=61"},"modified":"2025-01-26T11:43:03","modified_gmt":"2025-01-26T10:43:03","slug":"maltherapie","status":"publish","type":"page","link":"https:\/\/www.atelierkirchmayr.at\/?page_id=61","title":{"rendered":"Maltherapie"},"content":{"rendered":"<section class=\"l-section wpb_row hide_on_mobiles height_medium\"><div class=\"l-section-h i-cf\"><div class=\"g-cols vc_row via_grid cols_2-1 laptops-cols_inherit tablets-cols_inherit mobiles-cols_1 valign_top type_default stacking_default\"><div class=\"wpb_column vc_column_container\"><div class=\"vc_column-inner\"><nav class=\"g-breadcrumbs us_custom_0207f80c separator_icon align_none\" itemscope itemtype=\"http:\/\/schema.org\/BreadcrumbList\"><div class=\"g-breadcrumbs-item\" itemscope itemprop=\"itemListElement\" itemtype=\"http:\/\/schema.org\/ListItem\"><a itemprop=\"item\" href=\"https:\/\/www.atelierkirchmayr.at\/\"><span itemprop=\"name\">Startseite<\/span><\/a><meta itemprop=\"position\" content=\"1\"\/><\/div><div class=\"g-breadcrumbs-separator\"><i class=\"fal fa-angle-right\"><\/i><\/div><div class=\"g-breadcrumbs-item\">Seiten<\/div><\/nav><div class=\"w-separator size_custom with_line width_default thick_1 style_solid color_border align_center\" style=\"height:15px\"><div class=\"w-separator-h\"><\/div><\/div><div class=\"wpb_text_column us_custom_432d3f53\"><div class=\"wpb_wrapper\"><p><strong>Maltherapie\u00a0 &#8211;\u00a0 Malen ist Ausdruck\u00a0 &#8211; Malen ist Botschaft<\/strong><\/p>\n<p><strong>Kreativit\u00e4t als Schl\u00fcssel zu Dir selbst!<\/strong><br \/>\nIn jedem von uns steckt sch\u00f6pferisches Potential.<br \/>\nAlles was wir in unserem Leben brauchen ist in uns. Befinden wir uns \u201eim Fluss des Lebens\u201c, ist es uns m\u00f6glich aus ihm zu sch\u00f6pfen. Durch verschiedene Lebensumst\u00e4nde, Ereignisse und Erfahrungen k\u00f6nnen Blockaden in uns auftauchen und unseren \u201eLebensfluss\u201c beeintr\u00e4chtigen.<\/p>\n<p>Um Klarheit im Alltag zu bekommen, bedarf es oftmals eines Ventiles, welches wir beim Malen mittels der Kreativit\u00e4t und dem Malvorgang selbst, finden k\u00f6nnen. Was wir ins Licht des Bewusstseins holen, verliert an Bedrohung und kann sich wandeln&#8230;<\/p>\n<\/div><\/div><\/div><\/div><div class=\"wpb_column vc_column_container\"><div class=\"vc_column-inner\"><div class=\"w-image align_none\"><div class=\"w-image-h\"><img decoding=\"async\" width=\"1024\" height=\"990\" src=\"https:\/\/www.atelierkirchmayr.at\/wp-content\/uploads\/2021\/09\/weinender-Drache-K334-teilausschnitt-1024x990.jpg\" class=\"attachment-large size-large\" alt=\"\" loading=\"lazy\" srcset=\"https:\/\/www.atelierkirchmayr.at\/wp-content\/uploads\/2021\/09\/weinender-Drache-K334-teilausschnitt-1024x990.jpg 1024w, https:\/\/www.atelierkirchmayr.at\/wp-content\/uploads\/2021\/09\/weinender-Drache-K334-teilausschnitt-300x290.jpg 300w, https:\/\/www.atelierkirchmayr.at\/wp-content\/uploads\/2021\/09\/weinender-Drache-K334-teilausschnitt.jpg 1823w\" sizes=\"auto, (max-width: 1024px) 100vw, 1024px\" \/><\/div><\/div><\/div><\/div><\/div><\/div><\/section><section class=\"l-section wpb_row hide_on_default hide_on_laptops hide_on_tablets height_medium\"><div class=\"l-section-h i-cf\"><div class=\"g-cols vc_row via_grid cols_1 laptops-cols_inherit tablets-cols_inherit mobiles-cols_1 valign_top type_default stacking_default\"><div class=\"wpb_column vc_column_container\"><div class=\"vc_column-inner\"><nav class=\"g-breadcrumbs us_custom_0207f80c separator_icon align_none\" itemscope itemtype=\"http:\/\/schema.org\/BreadcrumbList\"><div class=\"g-breadcrumbs-item\" itemscope itemprop=\"itemListElement\" itemtype=\"http:\/\/schema.org\/ListItem\"><a itemprop=\"item\" href=\"https:\/\/www.atelierkirchmayr.at\/\"><span itemprop=\"name\">Startseite<\/span><\/a><meta itemprop=\"position\" content=\"1\"\/><\/div><div class=\"g-breadcrumbs-separator\"><i class=\"fal fa-angle-right\"><\/i><\/div><div class=\"g-breadcrumbs-item\">Seiten<\/div><\/nav><div class=\"w-separator size_custom with_line width_default thick_1 style_solid color_border align_center\" style=\"height:15px\"><div class=\"w-separator-h\"><\/div><\/div><div class=\"w-image align_none\"><div class=\"w-image-h\"><img decoding=\"async\" width=\"1024\" height=\"990\" src=\"https:\/\/www.atelierkirchmayr.at\/wp-content\/uploads\/2021\/09\/weinender-Drache-K334-teilausschnitt-1024x990.jpg\" class=\"attachment-large size-large\" alt=\"\" loading=\"lazy\" srcset=\"https:\/\/www.atelierkirchmayr.at\/wp-content\/uploads\/2021\/09\/weinender-Drache-K334-teilausschnitt-1024x990.jpg 1024w, https:\/\/www.atelierkirchmayr.at\/wp-content\/uploads\/2021\/09\/weinender-Drache-K334-teilausschnitt-300x290.jpg 300w, https:\/\/www.atelierkirchmayr.at\/wp-content\/uploads\/2021\/09\/weinender-Drache-K334-teilausschnitt.jpg 1823w\" sizes=\"auto, (max-width: 1024px) 100vw, 1024px\" \/><\/div><\/div><div class=\"w-separator size_custom with_line width_default thick_1 style_solid color_border align_center\" style=\"height:15px\"><div class=\"w-separator-h\"><\/div><\/div><div class=\"wpb_text_column us_custom_1f257949\"><div class=\"wpb_wrapper\"><p><strong>Maltherapie \u00a0\u2013 \u00a0Malen ist Ausdruck\u00a0 &#8211;\u00a0 Malen ist Botschaft<\/strong><\/p>\n<\/div><\/div><div class=\"wpb_text_column us_custom_1f257949\"><div class=\"wpb_wrapper\"><p><strong>Kreativit\u00e4t als Schl\u00fcssel zu Dir selbst!<\/strong><br \/>\nIn jedem von uns steckt sch\u00f6pferisches Potential.<br \/>\nAlles was wir in unserem Leben brauchen ist in uns. Befinden wir uns \u201eim Fluss des Lebens\u201c, ist es uns m\u00f6glich aus ihm zu sch\u00f6pfen. Durch verschiedene Lebensumst\u00e4nde, Ereignisse und Erfahrungen k\u00f6nnen Blockaden in uns auf- tauchen und unseren \u201eLebensfluss\u201c beeintr\u00e4chtigen.<\/p>\n<p>Um Klarheit im Alltag zu bekommen, bedarf es oftmals eines Ventiles, welches wir beim Malen mittels der Kreativit\u00e4t und dem Malvorgang selbst, finden k\u00f6nnen. Was wir ins Licht des Bewusstseins holen, verliert an Bedrohung und kann sich wandeln&#8230;<\/p>\n<\/div><\/div><\/div><\/div><\/div><\/div><\/section><section class=\"l-section wpb_row us_custom_c79387e2 hide_on_mobiles height_small\"><div class=\"l-section-h i-cf\"><div class=\"g-cols vc_row via_grid cols_2-1 laptops-cols_inherit tablets-cols_inherit mobiles-cols_1 valign_top type_default stacking_default\"><div class=\"wpb_column vc_column_container\"><div class=\"vc_column-inner\"><div class=\"wpb_text_column us_custom_43483794 has_text_color\"><div class=\"wpb_wrapper\"><p><strong>Individuelle Malbegleitung f\u00fcr Kinder und Jugendliche bis 14 Jahre\/Einzelsitzung: <\/strong><\/p>\n<p><em>\u201eSich malend auf das Abenteuer Leben einlassen!\u201c<\/em><\/p>\n<ul>\n<li>Unterst\u00fctzung in der Pers\u00f6nlichkeitsentwicklung<\/li>\n<li>Begleitung bei schulischen oder famili\u00e4ren Belastungssituationen<\/li>\n<li>Selbstwahrnehmung (das ICH, das Du, wo sind die Grenzen\u2026)<\/li>\n<li>Spa\u00df an der Kreativit\u00e4t finden<\/li>\n<\/ul>\n<\/div><\/div><\/div><\/div><div class=\"wpb_column vc_column_container us_custom_9e2cf9d8\"><div class=\"vc_column-inner\"><div class=\"w-iconbox iconpos_left style_default color_custom align_left no_text\"><div class=\"w-iconbox-icon\" style=\"font-size:1.5rem;--icon-color:#480615;\"><i class=\"fas fa-clock\"><\/i><\/div><div class=\"w-iconbox-meta\"><h5 class=\"w-iconbox-title\">Einzelsitzung: 50 min<\/h5><\/div><\/div><div class=\"w-separator size_small\"><\/div><div class=\"w-iconbox iconpos_left style_default color_custom align_left no_text\"><div class=\"w-iconbox-icon\" style=\"font-size:1.5rem;--icon-color:#480615;\"><i class=\"fas fa-euro-sign\"><\/i><\/div><div class=\"w-iconbox-meta\"><h6 class=\"w-iconbox-title\">Euro 55,00<\/h6><\/div><\/div><\/div><\/div><\/div><\/div><\/section><section class=\"l-section wpb_row us_custom_75617efa hide_on_default hide_on_laptops hide_on_tablets height_small\"><div class=\"l-section-h i-cf\"><div class=\"g-cols vc_row via_grid cols_2-1 laptops-cols_inherit tablets-cols_inherit mobiles-cols_1 valign_top type_default stacking_default\"><div class=\"wpb_column vc_column_container\"><div class=\"vc_column-inner\"><div class=\"wpb_text_column us_custom_43483794 has_text_color\"><div class=\"wpb_wrapper\"><p><strong>Individuelle Malbegleitung f\u00fcr Kinder und Jugendliche bis 14 Jahre\/Einzelsitzung: <\/strong><\/p>\n<p><em>\u201eSich malend auf das Abenteuer Leben einlassen!\u201c<\/em><\/p>\n<ul>\n<li>Unterst\u00fctzung in der Pers\u00f6nlichkeitsentwicklung<\/li>\n<li>Begleitung bei schulischen oder famili\u00e4ren Belastungssituationen<\/li>\n<li>Selbstwahrnehmung (das ICH, das Du, wo sind die Grenzen\u2026)<\/li>\n<li>Spa\u00df an der Kreativit\u00e4t finden<\/li>\n<\/ul>\n<\/div><\/div><\/div><\/div><div class=\"wpb_column vc_column_container\"><div class=\"vc_column-inner\"><div class=\"w-iconbox iconpos_left style_default color_custom align_left no_text\"><div class=\"w-iconbox-icon\" style=\"font-size:1.25rem;--icon-color:#480615;\"><i class=\"fas fa-clock\"><\/i><\/div><div class=\"w-iconbox-meta\"><h5 class=\"w-iconbox-title\" style=\"font-size:17px;\">Einzelsitzung: 50 min<\/h5><\/div><\/div><div class=\"w-separator size_small\"><\/div><div class=\"w-iconbox iconpos_left style_default color_custom align_left no_text\"><div class=\"w-iconbox-icon\" style=\"font-size:1.25rem;--icon-color:#480615;\"><i class=\"fas fa-euro-sign\"><\/i><\/div><div class=\"w-iconbox-meta\"><h6 class=\"w-iconbox-title\" style=\"font-size:17px;\">Euro 55,00<\/h6><\/div><\/div><\/div><\/div><\/div><\/div><\/section><section class=\"l-section wpb_row height_auto\"><div class=\"l-section-h i-cf\"><div class=\"g-cols vc_row via_grid cols_1 laptops-cols_inherit tablets-cols_inherit mobiles-cols_1 valign_top type_default stacking_default\"><div class=\"wpb_column vc_column_container\"><div class=\"vc_column-inner\"><div class=\"w-separator size_medium\"><\/div><\/div><\/div><\/div><\/div><\/section><section class=\"l-section wpb_row us_custom_6bf62f7b hide_on_mobiles height_small\"><div class=\"l-section-h i-cf\"><div class=\"g-cols vc_row via_grid cols_2-1 laptops-cols_inherit tablets-cols_inherit mobiles-cols_1 valign_top type_default stacking_default\"><div class=\"wpb_column vc_column_container\"><div class=\"vc_column-inner\"><div class=\"wpb_text_column us_custom_43483794 has_text_color\"><div class=\"wpb_wrapper\"><p><strong>Individuelle Malbegleitung f\u00fcr Erwachsene\/Einzelsitzung:<\/strong><\/p>\n<p><em>\u201eMalen als Sprachrohr f\u00fcr die Seele!<\/em><\/p>\n<p><em>Eventuelle Motivationsziele:<\/em><\/p>\n<ul>\n<li>innerseelische Prozesse ausdr\u00fccken<\/li>\n<li>sich aktiv der eigenen Entwicklung widmen<\/li>\n<li>den eigenen Verhaltensmustern auf die Spur kommen:<\/li>\n<li>\u201esich den Schatten der Vergangenheit stellen, bevor sie das Licht der Zukunft nehmen\u201c<\/li>\n<li>sich einfach Gutes tun<\/li>\n<li>Entspannung finden im Malprozess<\/li>\n<li>uvm.<\/li>\n<\/ul>\n<\/div><\/div><\/div><\/div><div class=\"wpb_column vc_column_container us_custom_fa478f0d\"><div class=\"vc_column-inner\"><div class=\"w-iconbox iconpos_left style_default color_custom align_left no_text\"><div class=\"w-iconbox-icon\" style=\"font-size:1.5rem;--icon-color:#480615;\"><i class=\"fas fa-clock\"><\/i><\/div><div class=\"w-iconbox-meta\"><h5 class=\"w-iconbox-title\">Einzelsitzung: 50 min<\/h5><\/div><\/div><div class=\"w-separator size_small\"><\/div><div class=\"w-iconbox iconpos_left style_default color_custom align_left no_text\"><div class=\"w-iconbox-icon\" style=\"font-size:1.5rem;--icon-color:#480615;\"><i class=\"fas fa-euro-sign\"><\/i><\/div><div class=\"w-iconbox-meta\"><h6 class=\"w-iconbox-title\">Euro 65,00<\/h6><\/div><\/div><\/div><\/div><\/div><\/div><\/section><section class=\"l-section wpb_row us_custom_d2c9c781 hide_on_default hide_on_laptops hide_on_tablets height_small\"><div class=\"l-section-h i-cf\"><div class=\"g-cols vc_row via_grid cols_2-1 laptops-cols_inherit tablets-cols_inherit mobiles-cols_1 valign_top type_default stacking_default\"><div class=\"wpb_column vc_column_container\"><div class=\"vc_column-inner\"><div class=\"wpb_text_column us_custom_43483794 has_text_color\"><div class=\"wpb_wrapper\"><p><strong>Individuelle Malbegleitung f\u00fcr Erwachsene\/Einzelsitzung:<\/strong><\/p>\n<p><em>\u201eMalen als Sprachrohr f\u00fcr die Seele!<\/em><\/p>\n<p><em>Eventuelle Motivationsziele:<\/em><\/p>\n<ul>\n<li>innerseelische Prozesse ausdr\u00fccken<\/li>\n<li>sich aktiv der eigenen Entwicklung widmen<\/li>\n<li>den eigenen Verhaltensmustern auf die Spur kommen:<\/li>\n<li>\u201esich den Schatten der Vergangenheit stellen, bevor sie das Licht der Zukunft nehmen\u201c<\/li>\n<li>sich einfach Gutes tun<\/li>\n<li>Entspannung finden im Malprozess<\/li>\n<li>uvm.<\/li>\n<\/ul>\n<\/div><\/div><\/div><\/div><div class=\"wpb_column vc_column_container\"><div class=\"vc_column-inner\"><div class=\"w-iconbox iconpos_left style_default color_custom align_left no_text\"><div class=\"w-iconbox-icon\" style=\"font-size:1.25rem;--icon-color:#480615;\"><i class=\"fas fa-clock\"><\/i><\/div><div class=\"w-iconbox-meta\"><h5 class=\"w-iconbox-title\" style=\"font-size:17px;\">Einzelsitzung: 50 min<\/h5><\/div><\/div><div class=\"w-separator size_small\"><\/div><div class=\"w-iconbox iconpos_left style_default color_custom align_left no_text\"><div class=\"w-iconbox-icon\" style=\"font-size:1.25rem;--icon-color:#480615;\"><i class=\"fas fa-euro-sign\"><\/i><\/div><div class=\"w-iconbox-meta\"><h6 class=\"w-iconbox-title\" style=\"font-size:17px;\">Euro 65,00<\/h6><\/div><\/div><\/div><\/div><\/div><\/div><\/section>\n","protected":false},"excerpt":{"rendered":"StartseiteSeitenMaltherapie\u00a0 &#8211;\u00a0 Malen ist Ausdruck\u00a0 &#8211; Malen ist Botschaft Kreativit\u00e4t als Schl\u00fcssel zu Dir selbst! In jedem von uns steckt sch\u00f6pferisches Potential. Alles was wir in unserem Leben brauchen ist in uns. Befinden wir uns \u201eim Fluss des Lebens\u201c, ist es uns m\u00f6glich aus ihm zu sch\u00f6pfen. Durch verschiedene Lebensumst\u00e4nde, Ereignisse und Erfahrungen k\u00f6nnen Blockaden...","protected":false},"author":1,"featured_media":0,"parent":0,"menu_order":0,"comment_status":"closed","ping_status":"closed","template":"","meta":{"footnotes":""},"class_list":["post-61","page","type-page","status-publish","hentry"],"_links":{"self":[{"href":"https:\/\/www.atelierkirchmayr.at\/index.php?rest_route=\/wp\/v2\/pages\/61","targetHints":{"allow":["GET"]}}],"collection":[{"href":"https:\/\/www.atelierkirchmayr.at\/index.php?rest_route=\/wp\/v2\/pages"}],"about":[{"href":"https:\/\/www.atelierkirchmayr.at\/index.php?rest_route=\/wp\/v2\/types\/page"}],"author":[{"embeddable":true,"href":"https:\/\/www.atelierkirchmayr.at\/index.php?rest_route=\/wp\/v2\/users\/1"}],"replies":[{"embeddable":true,"href":"https:\/\/www.atelierkirchmayr.at\/index.php?rest_route=%2Fwp%2Fv2%2Fcomments&post=61"}],"version-history":[{"count":78,"href":"https:\/\/www.atelierkirchmayr.at\/index.php?rest_route=\/wp\/v2\/pages\/61\/revisions"}],"predecessor-version":[{"id":487,"href":"https:\/\/www.atelierkirchmayr.at\/index.php?rest_route=\/wp\/v2\/pages\/61\/revisions\/487"}],"wp:attachment":[{"href":"https:\/\/www.atelierkirchmayr.at\/index.php?rest_route=%2Fwp%2Fv2%2Fmedia&parent=61"}],"curies":[{"name":"wp","href":"https:\/\/api.w.org\/{rel}","templated":true}]}}