{"id":26,"date":"2021-08-29T20:20:54","date_gmt":"2021-08-29T18:20:54","guid":{"rendered":"https:\/\/www.atelierkirchmayr.at\/?page_id=26"},"modified":"2023-07-02T15:53:07","modified_gmt":"2023-07-02T13:53:07","slug":"impressum","status":"publish","type":"page","link":"https:\/\/www.atelierkirchmayr.at\/?page_id=26","title":{"rendered":"Impressum"},"content":{"rendered":"<section class=\"l-section wpb_row height_medium\"><div class=\"l-section-h i-cf\"><div class=\"g-cols vc_row via_grid cols_1 laptops-cols_inherit tablets-cols_inherit mobiles-cols_1 valign_top type_default stacking_default\"><div class=\"wpb_column vc_column_container\"><div class=\"vc_column-inner\"><nav class=\"g-breadcrumbs us_custom_0207f80c separator_icon align_none\" itemscope itemtype=\"http:\/\/schema.org\/BreadcrumbList\"><div class=\"g-breadcrumbs-item\" itemscope itemprop=\"itemListElement\" itemtype=\"http:\/\/schema.org\/ListItem\"><a itemprop=\"item\" href=\"https:\/\/www.atelierkirchmayr.at\/\"><span itemprop=\"name\">Startseite<\/span><\/a><meta itemprop=\"position\" content=\"1\"\/><\/div><div class=\"g-breadcrumbs-separator\"><i class=\"fal fa-angle-right\"><\/i><\/div><div class=\"g-breadcrumbs-item\">Seiten<\/div><\/nav><div class=\"w-separator size_custom with_line width_default thick_1 style_solid color_border align_center\" style=\"height:15px\"><div class=\"w-separator-h\"><\/div><\/div><div class=\"wpb_text_column us_custom_1f257949\"><div class=\"wpb_wrapper\"><p><strong>\u00a0<\/strong><\/p>\n<p><strong>Sigrid Kirchmayr<\/strong><\/p>\n<p>Atelier: Sonnenweg 19, 4061 Pasching<\/p>\n<p>&nbsp;<\/p>\n<p><strong>KONTAKT<\/strong><\/p>\n<p>Tel: +43\u00a0664\u00a05251725<\/p>\n<p><a href=\"mailto:si.kirchmayr@aon.at\">si.kirchmayr@aon.at<\/a><\/p>\n<p>&nbsp;<\/p>\n<p><strong>WEB<\/strong><br \/>\nwww.atelierkirchmayr.at<\/p>\n<p>&nbsp;<\/p>\n<p><strong>RECHTSFORM<\/strong><\/p>\n<p>Einzelunternehmen\/Kleinunternehmer<\/p>\n<p>&nbsp;<\/p>\n<p><strong>REGISTERNUMMER bei BH Linz-Land<\/strong><br \/>\n410\/18735<\/p>\n<p>&nbsp;<\/p>\n<p>\u200b<strong>WKO<\/strong><\/p>\n<p>Mitglied der Wirtschaftskammer O\u00d6<\/p>\n<p>\u200b<\/p>\n<p><strong>FACHGRUPPE<\/strong><\/p>\n<p>Energetiker<\/p>\n<p>&nbsp;<\/p>\n<p><strong>FOTOS\/Bildmaterial<\/strong>: Katrin Kirchmayr &amp; Sigrid Kirchmayr<\/p>\n<p>&nbsp;<\/p>\n<p><strong>RECHTLICHE HINWEISE<\/strong><br \/>\nDiese Website wird laufend \u00fcberpr\u00fcft und aktualisiert. Trotz aller Sorgfalt k\u00f6nnen sich Daten \u00e4ndern und\/oder ver\u00e4ndert haben. Es wird keinerlei Gew\u00e4hr f\u00fcr die Richtigkeit, Vollst\u00e4ndigkeit, Aktualit\u00e4t und Qualit\u00e4t der auf dieser Website zur Verf\u00fcgung gestellten Informationen \u00fcbernommen. Der Autor beh\u00e4lt sich das Recht vor, jederzeit Ver\u00e4nderungen, Erg\u00e4nzungen, Korrekturen etc. durchzuf\u00fchren. Haftungsanspr\u00fcche gegen den Autor, welche sich auf Sch\u00e4den materieller oder ideeller Art beziehen, die durch die Nutzung oder Nichtnutzung der dargebotenen Informationen verursacht wurden, sind grunds\u00e4tzlich ausgeschlossen, sofern seitens des Autors kein nachweislich vors\u00e4tzliches oder grob fahrl\u00e4ssiges Verschulden vorliegt. Alle Angebote sind freibleibend und unverbindlich. Der Autor beh\u00e4lt es sich ausdr\u00fccklich vor, Teile der Seite oder das gesamte Angebot ohne gesonderte Ank\u00fcndigung zu ver\u00e4ndern, zu erg\u00e4nzen, zu l\u00f6schen oder die Ver\u00f6ffentlichung zeitweise oder endg\u00fcltig einzustellen.<\/p>\n<p>&nbsp;<\/p>\n<p><strong>VERWEISE UND LINKS<\/strong><\/p>\n<p>Bei direkten oder indirekten Verweisen auf fremde Webseiten (\u201eHyperlinks\u201c), die au\u00dferhalb des Verantwortungsbereichs des Autors liegen, w\u00fcrde eine Haftungsverpflichtung ausschlie\u00dflich in Kraft treten, wenn der Autor von den Inhalten Kenntnis hat und es ihm technisch m\u00f6glich und zumutbar w\u00e4re, die Nutzung im Falle rechtswidriger Inhalte zu verhindern. Der Autor erkl\u00e4rt hiermit ausdr\u00fccklich, dass zum Zeitpunkt der Linksetzung keine illegalen Inhalte auf den zu verlinkenden Seiten erkennbar waren. Auf die aktuelle und zuk\u00fcnftige Gestaltung, die Inhalte oder die Urheberschaft der verlinkten\/verkn\u00fcpften Seiten hat der Autor keinerlei. Einfluss. Deshalb distanziert er sich hiermit ausdr\u00fccklich von allen. Inhalten aller verlinkten\/verkn\u00fcpften Seiten, die nach der Linksetzung ver\u00e4ndert wurden. Diese Feststellung gilt f\u00fcr alle innerhalb des eigenen Internetangebots gesetzten Links und Verweise sowie f\u00fcr Fremdeintr\u00e4ge in vom Autor eingerichteten G\u00e4steb\u00fcchern, Diskussionsforen, Linkverzeichnissen, Mailinglisten und in allen anderen Formen von Datenbanken, auf deren Inhalt externe Schreibzugriffe m\u00f6glich sind. F\u00fcr illegale, fehlerhafte oder unvollst\u00e4ndige Inhalte und insbesondere f\u00fcr Sch\u00e4den, die aus der Nutzung oder Nichtnutzung solcherart dargebotener Informationen entstehen, haftet allein der Anbieter der Seite, auf welche verwiesen wurde, nicht derjenige, der \u00fcber Links auf die jeweilige Ver\u00f6ffentlichung lediglich verweist.<\/p>\n<p>\u200b<\/p>\n<p><strong>URHEBER- UND KENNZEICHENRECHT<\/strong><\/p>\n<p>Der Autor ist bestrebt, in allen Publikationen die Urheberrechte der verwendeten Bilder, Grafiken, Tondokumente, Videosequenzen und Texte zu beachten, von ihm selbst erstellte Bilder, Grafiken, Tondokumente, Videosequenzen und Texte zu nutzen oder auf lizenzfreie Bilder, Grafiken, Tondokumente, Videosequenzen und Texte zur\u00fcckzugreifen. Alle innerhalb des Internetangebots genannten und ggf. durch Dritte gesch\u00fctzte Marken- und Warenzeichen unterliegen uneingeschr\u00e4nkt den Bestimmungen des jeweils g\u00fcltigen Kennzeichenrechts und den Besitzrechten der jeweiligen eingetragenen Eigent\u00fcmer. Allein aufgrund der blo\u00dfen Nennung ist nicht der Schluss zu ziehen, dass Markenzeichen nicht durch die Rechte Dritter gesch\u00fctzt sind!<\/p>\n<p>Das Copyright f\u00fcr ver\u00f6ffentlichte, vom Autor selbst erstellte Objekte bleibt allein beim Autor der Webseiten. Eine Vervielf\u00e4ltigung oder Verwendung solcher Bilder, Grafiken, Tondokumente, Videosequenzen und Texte in anderen elektronischen oder gedruckten Publikationen ist ohne ausdr\u00fcckliche Zustimmung des Autors nicht gestattet, auch nicht in ver\u00e4nderter Form.<\/p>\n<p>&nbsp;<\/p>\n<p><strong>RECHTSWIRKSAMKEIT DES HAFTUNGSAUSSCHLUSSES<\/strong><\/p>\n<p>Dieser Haftungsausschluss ist als Teil des Internetangebots zu betrachten, von dem aus auf diese Seite verwiesen wurde. Sofern Teile oder einzelne Formulierungen dieses Textes der geltenden Rechtslage nicht, nicht mehr oder nicht vollst\u00e4ndig entsprechen sollten, bleiben die \u00fcbrigen Teile des Dokuments in ihrem Inhalt und ihrer G\u00fcltigkeit davon unber\u00fchrt.<\/p>\n<p>&nbsp;<\/p>\n<p><strong>DATENSCHUTZERKL\u00c4RUNG<\/strong><\/p>\n<p>Diese Datenschutzerkl\u00e4rung wurde verfasst um Ihnen gem\u00e4\u00df der Vorgaben der Datenschutzgrundverordnung (EU) 2016\/679 und anwendbaren nationalen Gesetzten zu erkl\u00e4ren, welche personenbezogenen Daten vom Website-Inhaber sowie den beauftragten Auftragsverarbeitern (z.B. Provider) verarbeitet bzw. zuk\u00fcnftig verarbeitet werden und welche rechtm\u00e4\u00dfigen M\u00f6glichkeiten Sie haben. Die verwendeten Begriffe sind geschlechtsneutral zu verstehen.<\/p>\n<p>Ihre personenbezogenen Daten. Werden nur dann verarbeitet, wenn eine entsprechende gesetzliche Grundlage daf\u00fcr gegeben ist. Bei Fragen k\u00f6nnen Sie sich an die im folgenden Abschnitt genannte verantwortliche Stelle wenden.<\/p>\n<p>&nbsp;<\/p>\n<p><strong>ANWENDUNGSBEREICH<\/strong><\/p>\n<p>Diese Datenschutzerkl\u00e4rung gilt f\u00fcr alle vom Autor verarbeiteten personenbezogenen Daten und f\u00fcr alle personenbezogenen Daten, die vom Autor beauftrage Firmen (Auftragsverarbeiter) verarbeiten. Die Verarbeitung personenbezogener Daten wie Name, E-Mail-Adresse und postalische Anschrift erm\u00f6glicht es dem Autor Dienstleistungen und Produkte anbieten und abrechnen zu k\u00f6nnen, sei es online oder offline. Der Anwendungsbereich dieser Datenschutzerkl\u00e4rung umfasst alle Onlineauftritte, Social Media Auftritte und E-Mail-Kommunikation des Autors \u2013 in K\u00fcrze: Die Datenschutzerkl\u00e4rung gilt f\u00fcr alle Bereiche, in denen personenbezogene Daten strukturiert verarbeitet werden.<\/p>\n<p>&nbsp;<\/p>\n<p><strong>RECHTSGRUNDLAGEN<\/strong><\/p>\n<p>Diese Datenschutzerkl\u00e4rung bezieht sich auf die Rechtsgrundlage der Datenschutz-Grundverordnung (EU): VERORDNUNG (EU) 2016\/679. DES EUROP\u00c4ISCHEN PARLAMENTS UND DES RATES vom 27. April 2016.<\/p>\n<p>Ihre Daten werden vom Autor nur verarbeitet, wenn mindestens eine der folgenden Bedingung zutrifft:<\/p>\n<ul>\n<li>Einwilligung (Artikel 6 Absatz 1 lit. A DSGVO): Sie haben dem Autor Ihre Einwilligung gegeben, Daten zu einem bestimmten Zweck zu verarbeiten. Dies gilt beispielsweise beim Eintragen Ihrer Daten in ein Kontaktformular o.\u00e4.<\/li>\n<li>Vertrag (Artikel 6 Absatz 1 lit. B DSGVO): Um einen Vertrag oder vorvertragliche Verpflichtungen mit Ihnen zu erf\u00fcllen, werden Ihre Daten vom Autor verarbeitet. Dies gilt beispielsweise bei der Erstellung eines Kaufvertrags oder einer Rechnung.<\/li>\n<li>Rechtliche Verpflichtungen (Artikel 6 Absatz 1 lit. C DSGVO): Wenn der Autor einer rechtlichen Verpflichtung unterliegt, werden Ihre Daten verarbeitet. Dies gilt beispielsweise im Rahmen der Buchhaltung, da eine gesetzliche Verpflichtung zur Aufbewahrung von Rechnungen besteht, die i.d.R. personenbezogene Daten enthalten.<\/li>\n<li>Berechtigte Interessen (Artikel 6 Absatz 1 lit. F DSGVO): Im Falle berechtigter Interessen, die Ihre Grundrechte nicht einschr\u00e4nken, beh\u00e4lt sich der Autor die Verarbeitung personenbezogener Daten vor. Dies gilt beispielsweise, um diese Website sicher und wirtschaftlich effizient betreiben zu k\u00f6nnen.<\/li>\n<\/ul>\n<p>Zus\u00e4tzlich zur EU-Verordnung gelten auch nationale Gesetze:<\/p>\n<p>In \u00d6sterreich ist dies das Bundesgesetz zum Schutz nat\u00fcrlicher Personen bei der Verarbeitung personenbezogener Daten (Datenschutzgesetz), kurz DSG.<\/p>\n<p>\u200b<\/p>\n<p><strong>KONTAKT DES VERANTWORTLICHEN<\/strong><\/p>\n<p>Sollten Sie Fragen zum Datenschutz haben, finden Sie nachfolgend die Kontaktdaten der verantwortlichen Person.<\/p>\n<p>Sigrid Kirchmayr<\/p>\n<p>Sonnenweg 19, 4061 Pasching<\/p>\n<p>Atelier: Schulstra\u00dfe 8B, 1. OG, 4061 Pasching<\/p>\n<p>Tel: +43 664 5251725<\/p>\n<p><a href=\"mailto:si.kirchmayr@aon.at\">si.kirchmayr@aon.at<\/a><\/p>\n<p>&nbsp;<\/p>\n<p><strong>SPEICHERDAUER<\/strong><\/p>\n<p>Personenbezogene Daten werden nur so lange gespeichert, wie es f\u00fcr die Bereitstellung der angebotenen Dienstleistungen und Produkte unbedingt notwendig ist. Wenn es z.B. im Rahmen der Buchhaltung gesetzlich vorgeschrieben ist, kann diese Speicherdauer auch \u00fcberschritten werden. Personenbezogene Daten werden gel\u00f6scht, sobald der Grund f\u00fcr die Datenverarbeitung nicht mehr vorhanden ist. Sollten Sie die L\u00f6schung Ihrer Daten w\u00fcnschen oder die Einwilligung zur Datenverarbeitung widerrufen, werden die Daten so rasch wie m\u00f6glich gel\u00f6scht, soweit keine Pflicht zur Speicherung besteht.<\/p>\n<p>&nbsp;<\/p>\n<p><strong>RECHTE LT. DSGVO<\/strong><\/p>\n<p>Laut Artikel 13 DSGVO stehen Ihnen folgende Rechte zu, damit es zu einer fairen und transparenten Verarbeitung von Daten kommt:<\/p>\n<ul>\n<li>Artikel 15 DSGVO: Sie haben ein Auskunftsrecht dar\u00fcber, ob Ihre Daten vom Autor verarbeitet werden. Sollte das zutreffen, haben Sie Recht auf eine Kopie der Daten sowie auf folgende Informationen:\n<ul>\n<li>Zweck der Datenverarbeitung<\/li>\n<li>Kategorie\/Art der verarbeiteten Daten<\/li>\n<li>Empf\u00e4nger\/Weitergabe der verarbeiteten Daten &amp; damit verbundene Datensicherheit<\/li>\n<li>Speicherdauer der Daten<\/li>\n<li>Bestehen des Rechts auf Berichtigung, L\u00f6schung oder Einschr\u00e4nkung der Verarbeitung &amp; Widerspruchsrecht gegen die Verarbeitung<\/li>\n<li>Beschwerdem\u00f6glichkeit bei der Aufsichtsbeh\u00f6rde<\/li>\n<li>Herkunft der Daten, sofern wir sie nicht direkt bei Ihnen erhoben haben<\/li>\n<li>Durchf\u00fchrung von Profiling<\/li>\n<\/ul>\n<\/li>\n<li>Artikel 16 DSGVO: Sie haben ein Recht auf Berichtigung der Daten.<\/li>\n<li>Artikel 17 DSGVO: Sie haben ein Recht auf L\u00f6schung der Daten (\u201eRecht auf Vergessenwerden\u201c).<\/li>\n<li>Artikel 18 DSGVO: Sie haben ein Recht auf Einschr\u00e4nkung der Verarbeitung.<\/li>\n<li>Artikel 19 DSGVO: Sie haben ein Recht auf Daten\u00fcbertragbarkeit (Zurverf\u00fcgungstellung der Daten in einem g\u00e4ngigen Format).<\/li>\n<li>Artikel 21 DSGVO: Sie haben ein Widerspruchsrecht, welches nach Durchsetzung eine \u00c4nderung der Verarbeitung mit sich bringt. Falls die Verarbeitung Ihrer Daten auf Artikel. 6 Abs. 1 lit. E (\u00f6ffentliches Interesse, Aus\u00fcbung \u00f6ffentlicher Gewalt) oder Artikel 6 Abs. 1 lit. F (berechtigtes Interesse) basiert, k\u00f6nnen Sie gegen die Verarbeitung Widerspruch einlegen. Der Autor pr\u00fcft danach so rasch wie m\u00f6glich, ob diesem Widerspruch rechtlich nachgekommen werden kann. Werden Daten verwendet, um Direktwerbung oder Profiling zu betreiben, k\u00f6nnen Sie jederzeit gegen diese Art der Datenverarbeitung widersprechen.<\/li>\n<li>Artikel 22 DSGVO: Sie haben unter Umst\u00e4nden ein Recht, nicht einer ausschlie\u00dflich auf einer automatisierten Verarbeitung (z.B. Profiling) beruhenden Entscheidung unterworfen zu werden.<\/li>\n<\/ul>\n<p>Wenn Sie denken, dass die Verarbeitung Ihrer Daten gegen das Datenschutzrecht verst\u00f6\u00dft oder Ihre datenschutzrechtlichen Anspr\u00fcche in anderer Weise verletzt wurden, k\u00f6nnen Sie bei der Aufsichtsbeh\u00f6rde Beschwerde einlegen. Diese ist f\u00fcr \u00d6sterreich die Datenschutzbeh\u00f6rde.<\/p>\n<p><strong><br \/>\n<\/strong><strong>Alle Rechte vorbehalten &#8211; 2021 Sigrid Kirchmayr \u2013 Sonnenweg 19 \u2013 4061 Pasching<\/strong><\/p>\n<p><strong>Atelier: Schulstra\u00dfe 8B, 1. OG, 4061 Pasching<\/strong><\/p>\n<\/div><\/div><\/div><\/div><\/div><\/div><\/section>\n","protected":false},"excerpt":{"rendered":"StartseiteSeiten\u00a0 Sigrid Kirchmayr Atelier: Sonnenweg 19, 4061 Pasching &nbsp; KONTAKT Tel: +43\u00a0664\u00a05251725 si.kirchmayr@aon.at &nbsp; WEB www.atelierkirchmayr.at &nbsp; RECHTSFORM Einzelunternehmen\/Kleinunternehmer &nbsp; REGISTERNUMMER bei BH Linz-Land 410\/18735 &nbsp; \u200bWKO Mitglied der Wirtschaftskammer O\u00d6 \u200b FACHGRUPPE Energetiker &nbsp; FOTOS\/Bildmaterial: Katrin Kirchmayr &amp; Sigrid Kirchmayr &nbsp; RECHTLICHE HINWEISE Diese Website wird laufend \u00fcberpr\u00fcft und aktualisiert. Trotz aller Sorgfalt k\u00f6nnen...","protected":false},"author":1,"featured_media":0,"parent":0,"menu_order":0,"comment_status":"closed","ping_status":"closed","template":"","meta":{"footnotes":""},"class_list":["post-26","page","type-page","status-publish","hentry"],"_links":{"self":[{"href":"https:\/\/www.atelierkirchmayr.at\/index.php?rest_route=\/wp\/v2\/pages\/26","targetHints":{"allow":["GET"]}}],"collection":[{"href":"https:\/\/www.atelierkirchmayr.at\/index.php?rest_route=\/wp\/v2\/pages"}],"about":[{"href":"https:\/\/www.atelierkirchmayr.at\/index.php?rest_route=\/wp\/v2\/types\/page"}],"author":[{"embeddable":true,"href":"https:\/\/www.atelierkirchmayr.at\/index.php?rest_route=\/wp\/v2\/users\/1"}],"replies":[{"embeddable":true,"href":"https:\/\/www.atelierkirchmayr.at\/index.php?rest_route=%2Fwp%2Fv2%2Fcomments&post=26"}],"version-history":[{"count":9,"href":"https:\/\/www.atelierkirchmayr.at\/index.php?rest_route=\/wp\/v2\/pages\/26\/revisions"}],"predecessor-version":[{"id":479,"href":"https:\/\/www.atelierkirchmayr.at\/index.php?rest_route=\/wp\/v2\/pages\/26\/revisions\/479"}],"wp:attachment":[{"href":"https:\/\/www.atelierkirchmayr.at\/index.php?rest_route=%2Fwp%2Fv2%2Fmedia&parent=26"}],"curies":[{"name":"wp","href":"https:\/\/api.w.org\/{rel}","templated":true}]}}