{"id":16,"date":"2021-08-29T20:19:57","date_gmt":"2021-08-29T18:19:57","guid":{"rendered":"https:\/\/www.atelierkirchmayr.at\/?page_id=16"},"modified":"2025-10-05T12:44:00","modified_gmt":"2025-10-05T10:44:00","slug":"ueber-mich-about-me","status":"publish","type":"page","link":"https:\/\/www.atelierkirchmayr.at\/?page_id=16","title":{"rendered":"\u00dcber mich"},"content":{"rendered":"<section class=\"l-section wpb_row hide_on_mobiles height_medium\"><div class=\"l-section-h i-cf\"><div class=\"g-cols vc_row via_grid cols_1-3 laptops-cols_inherit tablets-cols_inherit mobiles-cols_1 valign_top type_default stacking_default\"><div class=\"wpb_column vc_column_container\"><div class=\"vc_column-inner\"><div class=\"w-image align_none\"><div class=\"w-image-h\"><img decoding=\"async\" width=\"1024\" height=\"1024\" src=\"https:\/\/www.atelierkirchmayr.at\/wp-content\/uploads\/2021\/09\/Foto-Sigrid-1024x1024.jpg\" class=\"attachment-large size-large\" alt=\"\" loading=\"lazy\" srcset=\"https:\/\/www.atelierkirchmayr.at\/wp-content\/uploads\/2021\/09\/Foto-Sigrid-1024x1024.jpg 1024w, https:\/\/www.atelierkirchmayr.at\/wp-content\/uploads\/2021\/09\/Foto-Sigrid-300x300.jpg 300w, https:\/\/www.atelierkirchmayr.at\/wp-content\/uploads\/2021\/09\/Foto-Sigrid-150x150.jpg 150w, https:\/\/www.atelierkirchmayr.at\/wp-content\/uploads\/2021\/09\/Foto-Sigrid.jpg 1408w\" sizes=\"auto, (max-width: 1024px) 100vw, 1024px\" \/><\/div><\/div><div class=\"w-separator size_medium\"><\/div><div class=\"w-image align_none\"><div class=\"w-image-h\"><img decoding=\"async\" width=\"683\" height=\"1024\" src=\"https:\/\/www.atelierkirchmayr.at\/wp-content\/uploads\/2021\/08\/2021-02-21-Atelier-248-683x1024.jpg\" class=\"attachment-large size-large\" alt=\"\" loading=\"lazy\" srcset=\"https:\/\/www.atelierkirchmayr.at\/wp-content\/uploads\/2021\/08\/2021-02-21-Atelier-248-683x1024.jpg 683w, https:\/\/www.atelierkirchmayr.at\/wp-content\/uploads\/2021\/08\/2021-02-21-Atelier-248-200x300.jpg 200w, https:\/\/www.atelierkirchmayr.at\/wp-content\/uploads\/2021\/08\/2021-02-21-Atelier-248-scaled.jpg 1707w\" sizes=\"auto, (max-width: 683px) 100vw, 683px\" \/><\/div><\/div><div class=\"w-separator size_medium\"><\/div><div class=\"w-image align_none\"><a ref=\"magnificPopup\" href=\"https:\/\/www.atelierkirchmayr.at\/wp-content\/uploads\/2021\/10\/2021-02-21-Atelier-26-scaled.jpg\" aria-label=\"2021-02-21-Atelier-26\" class=\"w-image-h\"><img decoding=\"async\" width=\"683\" height=\"1024\" src=\"https:\/\/www.atelierkirchmayr.at\/wp-content\/uploads\/2021\/10\/2021-02-21-Atelier-26-683x1024.jpg\" class=\"attachment-large size-large\" alt=\"\" loading=\"lazy\" srcset=\"https:\/\/www.atelierkirchmayr.at\/wp-content\/uploads\/2021\/10\/2021-02-21-Atelier-26-683x1024.jpg 683w, https:\/\/www.atelierkirchmayr.at\/wp-content\/uploads\/2021\/10\/2021-02-21-Atelier-26-200x300.jpg 200w, https:\/\/www.atelierkirchmayr.at\/wp-content\/uploads\/2021\/10\/2021-02-21-Atelier-26-scaled.jpg 1707w\" sizes=\"auto, (max-width: 683px) 100vw, 683px\" \/><\/a><\/div><div class=\"w-separator size_medium\"><\/div><div class=\"w-image align_none\"><a ref=\"magnificPopup\" href=\"https:\/\/www.atelierkirchmayr.at\/wp-content\/uploads\/2021\/10\/Katrin-Atelier-Billetts-scaled.jpg\" aria-label=\"Katrin Atelier Billetts\" class=\"w-image-h\"><img decoding=\"async\" width=\"683\" height=\"1024\" src=\"https:\/\/www.atelierkirchmayr.at\/wp-content\/uploads\/2021\/10\/Katrin-Atelier-Billetts-683x1024.jpg\" class=\"attachment-large size-large\" alt=\"\" loading=\"lazy\" srcset=\"https:\/\/www.atelierkirchmayr.at\/wp-content\/uploads\/2021\/10\/Katrin-Atelier-Billetts-683x1024.jpg 683w, https:\/\/www.atelierkirchmayr.at\/wp-content\/uploads\/2021\/10\/Katrin-Atelier-Billetts-200x300.jpg 200w, https:\/\/www.atelierkirchmayr.at\/wp-content\/uploads\/2021\/10\/Katrin-Atelier-Billetts-scaled.jpg 1707w\" sizes=\"auto, (max-width: 683px) 100vw, 683px\" \/><\/a><\/div><\/div><\/div><div class=\"wpb_column vc_column_container\"><div class=\"vc_column-inner\"><nav class=\"g-breadcrumbs us_custom_0207f80c separator_icon align_none\" itemscope itemtype=\"http:\/\/schema.org\/BreadcrumbList\"><div class=\"g-breadcrumbs-item\" itemscope itemprop=\"itemListElement\" itemtype=\"http:\/\/schema.org\/ListItem\"><a itemprop=\"item\" href=\"https:\/\/www.atelierkirchmayr.at\/\"><span itemprop=\"name\">Startseite<\/span><\/a><meta itemprop=\"position\" content=\"1\"\/><\/div><div class=\"g-breadcrumbs-separator\"><i class=\"fal fa-angle-right\"><\/i><\/div><div class=\"g-breadcrumbs-item\">Seiten<\/div><\/nav><div class=\"w-separator size_small with_line width_default thick_1 style_solid color_border align_center\"><div class=\"w-separator-h\"><\/div><\/div><div class=\"w-iconbox iconpos_left style_default color_primary align_none icontype_img\"><div class=\"w-iconbox-icon\" style=\"font-size:2rem;\"><img loading=\"lazy\" decoding=\"async\" width=\"486\" height=\"572\" src=\"https:\/\/www.atelierkirchmayr.at\/wp-content\/uploads\/2021\/09\/Pinsel3.png\" class=\"attachment-full size-full\" alt=\"\" srcset=\"https:\/\/www.atelierkirchmayr.at\/wp-content\/uploads\/2021\/09\/Pinsel3.png 486w, https:\/\/www.atelierkirchmayr.at\/wp-content\/uploads\/2021\/09\/Pinsel3-255x300.png 255w\" sizes=\"auto, (max-width: 486px) 100vw, 486px\" \/><\/div><div class=\"w-iconbox-meta\"><h4 class=\"w-iconbox-title\">\u00dcber mich<\/h4><div class=\"w-iconbox-text\"><p>Am 13. September 1969 erblickte ich das Licht der Welt. Schon von Kindesbeinen an machte es mir Spa\u00df mich kreativ zu bet\u00e4tigen. Die Kreativit\u00e4t ist und war schon immer mein Lebenselixier.<\/p>\n<p>Was bereichert mein Leben: Meine Familie, Gespr\u00e4che mit guten Freunden, Malen, inspirierende Musik, interessante Geschichten, fesselnde B\u00fccher, bereichernde Filme, inspirierende Reisen in St\u00e4dte und L\u00e4nder, entspannende Spazierg\u00e4nge in der Natur\u2026<\/p>\n<p>Seit 1991 lebe ich mit meinem Mann in Pasching. Wir haben zwei erwachsene Kinder.<\/p>\n<\/div><\/div><\/div><div class=\"w-separator size_medium with_line width_default thick_1 style_solid color_border align_center\"><div class=\"w-separator-h\"><\/div><\/div><div class=\"w-iconbox iconpos_left style_default color_primary align_none icontype_img\"><div class=\"w-iconbox-icon\" style=\"font-size:2rem;\"><img loading=\"lazy\" decoding=\"async\" width=\"468\" height=\"300\" src=\"https:\/\/www.atelierkirchmayr.at\/wp-content\/uploads\/2021\/09\/Weg.png\" class=\"attachment-full size-full\" alt=\"\" srcset=\"https:\/\/www.atelierkirchmayr.at\/wp-content\/uploads\/2021\/09\/Weg.png 468w, https:\/\/www.atelierkirchmayr.at\/wp-content\/uploads\/2021\/09\/Weg-300x192.png 300w\" sizes=\"auto, (max-width: 468px) 100vw, 468px\" \/><\/div><div class=\"w-iconbox-meta\"><h4 class=\"w-iconbox-title\">Mein Weg<\/h4><div class=\"w-iconbox-text\"><p>Nach meinem Maturaabschluss an der HBLA Wels war ich bis zur Geburt meiner beiden Kinder im Bankwesen t\u00e4tig. Seither helfe ich am landwirtschaftlichen Betrieb meines Mannes bzw. seit 2025 im Betrieb meines Sohnes mit. Meinen kreativen Schaffensdrang lebte ich in den ersten\u00a0 Jahren im Kunsthandwerksbereich aus und nahm an Gruppenausstellungen in Ober\u00f6sterreich teil.<\/p>\n<p>Ab 2004 absolvierte ich diverse Aus- und Weiterbildungen im Bereich der Kinesiologie, Energiearbeit und Maltherapie. Seit 2005 bin ich in diesem Bereich selbst\u00e4ndig t\u00e4tig. Parallel dazu zog es mich verst\u00e4rkt zur Malerei hin \u2013 und sie lie\u00df mich seither nicht mehr los. Nach ersten kleineren Ausstellungen mit meinen noch \u201ejungen Bildern\u201c folgte 2007 meine erste Einzelausstellung in Pasching. Zwischen 2008 und 2018 konnte ich meine Kreativit\u00e4t in diversen Neubau-, Umbau- und Umgestaltungsarbeiten am Hof einbringen. An meinen k\u00fcnstlerischen F\u00e4higkeiten feilte ich w\u00e4hrenddessen autodidaktisch in meinem Atelier, sowie durch die Teilnahme an Malseminaren. Begleitend bot ich selbst Malkurse f\u00fcr Kinder und Erwachsene an. Zwischen 2016 und 2018 entwickelte ich meine k\u00fcnstlerische Arbeit im Rahmen eines Studiums an der Leonardo Kunstakademie in Mattsee weiter.<\/p>\n<\/div><\/div><\/div><div class=\"w-separator size_medium with_line width_default thick_1 style_solid color_border align_center\"><div class=\"w-separator-h\"><\/div><\/div><div class=\"w-iconbox iconpos_left style_default color_primary align_none icontype_img\"><div class=\"w-iconbox-icon\" style=\"font-size:2rem;\"><img loading=\"lazy\" decoding=\"async\" width=\"240\" height=\"319\" src=\"https:\/\/www.atelierkirchmayr.at\/wp-content\/uploads\/2021\/09\/Staffelei.png\" class=\"attachment-full size-full\" alt=\"\" srcset=\"https:\/\/www.atelierkirchmayr.at\/wp-content\/uploads\/2021\/09\/Staffelei.png 240w, https:\/\/www.atelierkirchmayr.at\/wp-content\/uploads\/2021\/09\/Staffelei-226x300.png 226w\" sizes=\"auto, (max-width: 240px) 100vw, 240px\" \/><\/div><div class=\"w-iconbox-meta\"><h4 class=\"w-iconbox-title\">Ausbildungen<\/h4><div class=\"w-iconbox-text\"><p><strong>Malseminar:<\/strong><br \/>\nBei Normanno Locci ca. 2004 in Pasching\/Langholzfeld \u2013 Bitumentechnik<\/p>\n<p><strong>Ausbildung Maltherapie:<\/strong><br \/>\nBei Mag. Brigitte L\u00e4ngle-Pollhammer 2007\/2008 in der PGA Linz<\/p>\n<p><strong>Fortbildungssemimare Maltherapie:<\/strong><br \/>\n2008, 2009, 2010, 2011, 2012, 2013, 2016 bei Mag. Brigitte L\u00e4ngle-Pollhammer<\/p>\n<p><strong>Sommerseminar Maltherapie: <\/strong><br \/>\n2010 bei Mag. Brigitte L\u00e4ngle-Pollhammer in der Villa Le Reve in Vence \u2013 S\u00fcdfrankreich (Henri Matisse lebte in diesem Haus von 1943 bis 1949)<\/p>\n<p><strong>Malseminar:<\/strong><br \/>\n2015 bei Reinhard K\u00f6b in Schwaz\/Tirol &#8211; Biohotel Grafenast<\/p>\n<p><strong>Kunststudium: <\/strong><br \/>\nMalerei und Grafik an der Leonardo Kunstakademie bei Prof. Hannes Baier in Mattsee von 2016 bis 2018<\/p>\n<p><strong>Aufbauseminare Malerei:<\/strong><br \/>\nan der Leonardo Kunstakademie bei Prof. Hannes Baier 2019<\/p>\n<\/div><\/div><\/div><div class=\"w-separator size_medium with_line width_default thick_1 style_solid color_border align_center\"><div class=\"w-separator-h\"><\/div><\/div><div class=\"w-iconbox iconpos_left style_default color_primary align_none icontype_img\"><div class=\"w-iconbox-icon\" style=\"font-size:2rem;\"><img loading=\"lazy\" decoding=\"async\" width=\"401\" height=\"412\" src=\"https:\/\/www.atelierkirchmayr.at\/wp-content\/uploads\/2021\/09\/Rahmen.png\" class=\"attachment-full size-full\" alt=\"\" srcset=\"https:\/\/www.atelierkirchmayr.at\/wp-content\/uploads\/2021\/09\/Rahmen.png 401w, https:\/\/www.atelierkirchmayr.at\/wp-content\/uploads\/2021\/09\/Rahmen-292x300.png 292w\" sizes=\"auto, (max-width: 401px) 100vw, 401px\" \/><\/div><div class=\"w-iconbox-meta\"><h4 class=\"w-iconbox-title\">Ausstellungen<\/h4><div class=\"w-iconbox-text\"><p>Ab ca. 1995 Teilnahme an verschiedenen Ausstellungen im Kunsthandwerksbereich, z B. Kunst im Glashaus in Leonding, M\u00e4rkte in der Burg Wels, etc.<\/p>\n<p>2007 \u2013 Einzelausstellung im Schreinerhof Pasching \u2013 Malerei<\/p>\n<p>2018 \u2013 Abschlussausstellung \/Kunststudium im Schloss Mattsee &#8211; Malerei<\/p>\n<p>2019 \u2013 Gruppenausstellung in der Trinkhalle in Bad Ischl \u2013 Malerei<\/p>\n<\/div><\/div><\/div><\/div><\/div><\/div><\/div><\/section><section class=\"l-section wpb_row hide_on_default hide_on_laptops hide_on_tablets height_medium\"><div class=\"l-section-h i-cf\"><div class=\"g-cols vc_row via_grid cols_1 laptops-cols_inherit tablets-cols_inherit mobiles-cols_1 valign_top type_default stacking_default\"><div class=\"wpb_column vc_column_container\"><div class=\"vc_column-inner\"><nav class=\"g-breadcrumbs us_custom_0207f80c separator_icon align_none\" itemscope itemtype=\"http:\/\/schema.org\/BreadcrumbList\"><div class=\"g-breadcrumbs-item\" itemscope itemprop=\"itemListElement\" itemtype=\"http:\/\/schema.org\/ListItem\"><a itemprop=\"item\" href=\"https:\/\/www.atelierkirchmayr.at\/\"><span itemprop=\"name\">Startseite<\/span><\/a><meta itemprop=\"position\" content=\"1\"\/><\/div><div class=\"g-breadcrumbs-separator\"><i class=\"fal fa-angle-right\"><\/i><\/div><div class=\"g-breadcrumbs-item\">Seiten<\/div><\/nav><div class=\"w-separator size_small with_line width_default thick_1 style_solid color_border align_center\"><div class=\"w-separator-h\"><\/div><\/div><div class=\"w-image align_none\"><div class=\"w-image-h\"><img decoding=\"async\" width=\"1024\" height=\"1024\" src=\"https:\/\/www.atelierkirchmayr.at\/wp-content\/uploads\/2021\/09\/Foto-Sigrid-1024x1024.jpg\" class=\"attachment-large size-large\" alt=\"\" loading=\"lazy\" srcset=\"https:\/\/www.atelierkirchmayr.at\/wp-content\/uploads\/2021\/09\/Foto-Sigrid-1024x1024.jpg 1024w, https:\/\/www.atelierkirchmayr.at\/wp-content\/uploads\/2021\/09\/Foto-Sigrid-300x300.jpg 300w, https:\/\/www.atelierkirchmayr.at\/wp-content\/uploads\/2021\/09\/Foto-Sigrid-150x150.jpg 150w, https:\/\/www.atelierkirchmayr.at\/wp-content\/uploads\/2021\/09\/Foto-Sigrid.jpg 1408w\" sizes=\"auto, (max-width: 1024px) 100vw, 1024px\" \/><\/div><\/div><div class=\"w-separator size_medium with_line width_default thick_1 style_solid color_border align_center\"><div class=\"w-separator-h\"><\/div><\/div><div class=\"w-iconbox iconpos_left style_default color_primary align_none icontype_img\"><div class=\"w-iconbox-icon\" style=\"font-size:2rem;\"><img loading=\"lazy\" decoding=\"async\" width=\"486\" height=\"572\" src=\"https:\/\/www.atelierkirchmayr.at\/wp-content\/uploads\/2021\/09\/Pinsel3.png\" class=\"attachment-full size-full\" alt=\"\" srcset=\"https:\/\/www.atelierkirchmayr.at\/wp-content\/uploads\/2021\/09\/Pinsel3.png 486w, https:\/\/www.atelierkirchmayr.at\/wp-content\/uploads\/2021\/09\/Pinsel3-255x300.png 255w\" sizes=\"auto, (max-width: 486px) 100vw, 486px\" \/><\/div><div class=\"w-iconbox-meta\"><h4 class=\"w-iconbox-title\">\u00dcber mich- About me<\/h4><div class=\"w-iconbox-text\"><p>Am 13. September 1969 erblickte ich das Licht der Welt. Schon von Kindesbeinen an machte es mir Spa\u00df mich kreativ zu bet\u00e4tigen. Die Kreativit\u00e4t ist und war schon immer mein Lebenselixier.<\/p>\n<p>Was bereichert mein Leben: Meine Familie, Gespr\u00e4che mit guten Freunden, Malen, inspirierende Musik, interessante Geschichten, fesselnde B\u00fccher, bereichernde Filme, inspirierende Reisen in St\u00e4dte und L\u00e4nder, entspannende Spazierg\u00e4nge in der Natur\u2026<\/p>\n<p>Seit 1991 lebe ich mit meinem Mann in Pasching. Wir haben zwei erwachsene Kinder.<\/p>\n<\/div><\/div><\/div><div class=\"w-separator size_medium with_line width_default thick_1 style_solid color_border align_center\"><div class=\"w-separator-h\"><\/div><\/div><div class=\"w-iconbox iconpos_left style_default color_primary align_none icontype_img\"><div class=\"w-iconbox-icon\" style=\"font-size:2rem;\"><img loading=\"lazy\" decoding=\"async\" width=\"468\" height=\"300\" src=\"https:\/\/www.atelierkirchmayr.at\/wp-content\/uploads\/2021\/09\/Weg.png\" class=\"attachment-full size-full\" alt=\"\" srcset=\"https:\/\/www.atelierkirchmayr.at\/wp-content\/uploads\/2021\/09\/Weg.png 468w, https:\/\/www.atelierkirchmayr.at\/wp-content\/uploads\/2021\/09\/Weg-300x192.png 300w\" sizes=\"auto, (max-width: 468px) 100vw, 468px\" \/><\/div><div class=\"w-iconbox-meta\"><h4 class=\"w-iconbox-title\">Mein Weg<\/h4><div class=\"w-iconbox-text\"><p>Nach meinem Maturaabschluss an der HBLA Wels war ich bis zur Geburt meiner beiden Kinder im Bankwesen t\u00e4tig. Seither helfe ich am landwirtschaftlichen Betrieb meines Mannes bzw. seit 2025 im Betrieb meines Sohnes mit. Meinen kreativen Schaffensdrang lebte ich in den ersten\u00a0 Jahren im Kunsthandwerksbereich aus und nahm an Gruppenausstellungen in Ober\u00f6sterreich teil.<\/p>\n<p>Ab 2004 absolvierte ich diverse Aus- und Weiterbildungen im Bereich der Kinesiologie, Energiearbeit und Maltherapie. Seit 2005 bin ich in diesem Bereich selbst\u00e4ndig t\u00e4tig. Parallel dazu zog es mich verst\u00e4rkt zur Malerei hin \u2013 und sie lie\u00df mich seither nicht mehr los. Nach ersten kleineren Ausstellungen mit meinen noch \u201ejungen Bildern\u201c folgte 2007 meine erste Einzelausstellung in Pasching. Zwischen 2008 und 2018 konnte ich meine Kreativit\u00e4t in diversen Neubau-, Umbau- und Umgestaltungsarbeiten am Hof einbringen. An meinen k\u00fcnstlerischen F\u00e4higkeiten feilte ich w\u00e4hrenddessen autodidaktisch in meinem Atelier, sowie durch die Teilnahme an Malseminaren. Begleitend bot ich selbst Malkurse f\u00fcr Kinder und Erwachsene an. Zwischen 2016 und 2018 entwickelte ich meine k\u00fcnstlerische Arbeit im Rahmen eines Studiums an der Leonardo Kunstakademie in Mattsee weiter.<\/p>\n<\/div><\/div><\/div><div class=\"w-separator size_medium with_line width_default thick_1 style_solid color_border align_center\"><div class=\"w-separator-h\"><\/div><\/div><div class=\"w-iconbox iconpos_left style_default color_primary align_none icontype_img\"><div class=\"w-iconbox-icon\" style=\"font-size:2rem;\"><img loading=\"lazy\" decoding=\"async\" width=\"240\" height=\"319\" src=\"https:\/\/www.atelierkirchmayr.at\/wp-content\/uploads\/2021\/09\/Staffelei.png\" class=\"attachment-full size-full\" alt=\"\" srcset=\"https:\/\/www.atelierkirchmayr.at\/wp-content\/uploads\/2021\/09\/Staffelei.png 240w, https:\/\/www.atelierkirchmayr.at\/wp-content\/uploads\/2021\/09\/Staffelei-226x300.png 226w\" sizes=\"auto, (max-width: 240px) 100vw, 240px\" \/><\/div><div class=\"w-iconbox-meta\"><h4 class=\"w-iconbox-title\">Ausbildungen<\/h4><div class=\"w-iconbox-text\"><p><strong>Malseminar:<\/strong> Bei Normanno Locci ca. 2004 in Pasching\/Langholzfeld \u2013 Bitumentechnik<\/p>\n<p><strong>Ausbildung Maltherapie:<\/strong><br \/>\nBei Mag. Brigitte L\u00e4ngle-Pollhammer 2007\/2008 in der PGA Linz<\/p>\n<p><strong>Fortbildungssemimare Maltherapie:<\/strong><br \/>\n2008, 2009, 2010, 2011, 2012, 2013, 2016 bei Mag. Brigitte L\u00e4ngle-Pollhammer<\/p>\n<p><strong>Sommerseminar Maltherapie: <\/strong><br \/>\n2010 bei Mag. Brigitte L\u00e4ngle-Pollhammer in der Villa Le Reve in Vence \u2013 S\u00fcdfrankreich (Henri Matisse lebte in diesem Haus von 1943 bis 1949)<\/p>\n<p><strong>Malseminar:<\/strong><br \/>\n2015 bei Reinhard K\u00f6b in Schwaz\/Tirol &#8211; Biohotel Grafenast<\/p>\n<p><strong>Kunststudium: <\/strong><br \/>\nMalerei und Grafik an der Leonardo Kunstakademie bei Prof. Hannes Baier in Mattsee von 2016 bis 2018<\/p>\n<p><strong>Aufbauseminare Malerei:<\/strong><br \/>\nAn der Leonardo Kunstakademie bei Prof. Hannes Baier 2019<\/p>\n<\/div><\/div><\/div><div class=\"w-separator size_medium with_line width_default thick_1 style_solid color_border align_center\"><div class=\"w-separator-h\"><\/div><\/div><div class=\"w-iconbox iconpos_left style_default color_primary align_none icontype_img\"><div class=\"w-iconbox-icon\" style=\"font-size:2rem;\"><img loading=\"lazy\" decoding=\"async\" width=\"401\" height=\"412\" src=\"https:\/\/www.atelierkirchmayr.at\/wp-content\/uploads\/2021\/09\/Rahmen.png\" class=\"attachment-full size-full\" alt=\"\" srcset=\"https:\/\/www.atelierkirchmayr.at\/wp-content\/uploads\/2021\/09\/Rahmen.png 401w, https:\/\/www.atelierkirchmayr.at\/wp-content\/uploads\/2021\/09\/Rahmen-292x300.png 292w\" sizes=\"auto, (max-width: 401px) 100vw, 401px\" \/><\/div><div class=\"w-iconbox-meta\"><h4 class=\"w-iconbox-title\">Ausstellungen<\/h4><div class=\"w-iconbox-text\"><p>Ab ca. 1995 Teilnahme an verschiedenen Ausstellungen im Kunsthandwerksbereich, z B. Kunst im Glashaus in Leonding, M\u00e4rkte in der Burg Wels, etc.<\/p>\n<p>2007 \u2013 Einzelausstellung im Schreinerhof Pasching \u2013 Malerei<\/p>\n<p>2018 \u2013 Abschlussausstellung \/Kunststudium im Schloss Mattsee &#8211; Malerei<\/p>\n<p>2019 \u2013 Gruppenausstellung in der Trinkhalle in Bad Ischl \u2013 Malerei<\/p>\n<\/div><\/div><\/div><div class=\"w-separator size_medium\"><\/div><div class=\"w-image align_none\"><div class=\"w-image-h\"><img decoding=\"async\" width=\"683\" height=\"1024\" src=\"https:\/\/www.atelierkirchmayr.at\/wp-content\/uploads\/2021\/08\/2021-02-21-Atelier-248-683x1024.jpg\" class=\"attachment-large size-large\" alt=\"\" loading=\"lazy\" srcset=\"https:\/\/www.atelierkirchmayr.at\/wp-content\/uploads\/2021\/08\/2021-02-21-Atelier-248-683x1024.jpg 683w, https:\/\/www.atelierkirchmayr.at\/wp-content\/uploads\/2021\/08\/2021-02-21-Atelier-248-200x300.jpg 200w, https:\/\/www.atelierkirchmayr.at\/wp-content\/uploads\/2021\/08\/2021-02-21-Atelier-248-scaled.jpg 1707w\" sizes=\"auto, (max-width: 683px) 100vw, 683px\" \/><\/div><\/div><div class=\"w-separator size_medium\"><\/div><div class=\"w-image align_none\"><a ref=\"magnificPopup\" href=\"https:\/\/www.atelierkirchmayr.at\/wp-content\/uploads\/2021\/10\/2021-02-21-Atelier-26-scaled.jpg\" aria-label=\"2021-02-21-Atelier-26\" class=\"w-image-h\"><img decoding=\"async\" width=\"683\" height=\"1024\" src=\"https:\/\/www.atelierkirchmayr.at\/wp-content\/uploads\/2021\/10\/2021-02-21-Atelier-26-683x1024.jpg\" class=\"attachment-large size-large\" alt=\"\" loading=\"lazy\" srcset=\"https:\/\/www.atelierkirchmayr.at\/wp-content\/uploads\/2021\/10\/2021-02-21-Atelier-26-683x1024.jpg 683w, https:\/\/www.atelierkirchmayr.at\/wp-content\/uploads\/2021\/10\/2021-02-21-Atelier-26-200x300.jpg 200w, https:\/\/www.atelierkirchmayr.at\/wp-content\/uploads\/2021\/10\/2021-02-21-Atelier-26-scaled.jpg 1707w\" sizes=\"auto, (max-width: 683px) 100vw, 683px\" \/><\/a><\/div><div class=\"w-separator size_medium\"><\/div><div class=\"w-image align_none\"><a ref=\"magnificPopup\" href=\"https:\/\/www.atelierkirchmayr.at\/wp-content\/uploads\/2021\/10\/Katrin-Atelier-Billetts-scaled.jpg\" aria-label=\"Katrin Atelier Billetts\" class=\"w-image-h\"><img decoding=\"async\" width=\"683\" height=\"1024\" src=\"https:\/\/www.atelierkirchmayr.at\/wp-content\/uploads\/2021\/10\/Katrin-Atelier-Billetts-683x1024.jpg\" class=\"attachment-large size-large\" alt=\"\" loading=\"lazy\" srcset=\"https:\/\/www.atelierkirchmayr.at\/wp-content\/uploads\/2021\/10\/Katrin-Atelier-Billetts-683x1024.jpg 683w, https:\/\/www.atelierkirchmayr.at\/wp-content\/uploads\/2021\/10\/Katrin-Atelier-Billetts-200x300.jpg 200w, https:\/\/www.atelierkirchmayr.at\/wp-content\/uploads\/2021\/10\/Katrin-Atelier-Billetts-scaled.jpg 1707w\" sizes=\"auto, (max-width: 683px) 100vw, 683px\" \/><\/a><\/div><\/div><\/div><\/div><\/div><\/section>\n","protected":false},"excerpt":{"rendered":"StartseiteSeiten\u00dcber michAm 13. September 1969 erblickte ich das Licht der Welt. Schon von Kindesbeinen an machte es mir Spa\u00df mich kreativ zu bet\u00e4tigen. Die Kreativit\u00e4t ist und war schon immer mein Lebenselixier. Was bereichert mein Leben: Meine Familie, Gespr\u00e4che mit guten Freunden, Malen, inspirierende Musik, interessante Geschichten, fesselnde B\u00fccher, bereichernde Filme, inspirierende Reisen in St\u00e4dte...","protected":false},"author":1,"featured_media":0,"parent":0,"menu_order":0,"comment_status":"closed","ping_status":"closed","template":"","meta":{"footnotes":""},"class_list":["post-16","page","type-page","status-publish","hentry"],"_links":{"self":[{"href":"https:\/\/www.atelierkirchmayr.at\/index.php?rest_route=\/wp\/v2\/pages\/16","targetHints":{"allow":["GET"]}}],"collection":[{"href":"https:\/\/www.atelierkirchmayr.at\/index.php?rest_route=\/wp\/v2\/pages"}],"about":[{"href":"https:\/\/www.atelierkirchmayr.at\/index.php?rest_route=\/wp\/v2\/types\/page"}],"author":[{"embeddable":true,"href":"https:\/\/www.atelierkirchmayr.at\/index.php?rest_route=\/wp\/v2\/users\/1"}],"replies":[{"embeddable":true,"href":"https:\/\/www.atelierkirchmayr.at\/index.php?rest_route=%2Fwp%2Fv2%2Fcomments&post=16"}],"version-history":[{"count":47,"href":"https:\/\/www.atelierkirchmayr.at\/index.php?rest_route=\/wp\/v2\/pages\/16\/revisions"}],"predecessor-version":[{"id":524,"href":"https:\/\/www.atelierkirchmayr.at\/index.php?rest_route=\/wp\/v2\/pages\/16\/revisions\/524"}],"wp:attachment":[{"href":"https:\/\/www.atelierkirchmayr.at\/index.php?rest_route=%2Fwp%2Fv2%2Fmedia&parent=16"}],"curies":[{"name":"wp","href":"https:\/\/api.w.org\/{rel}","templated":true}]}}