{"id":12,"date":"2021-08-29T20:00:44","date_gmt":"2021-08-29T18:00:44","guid":{"rendered":"https:\/\/www.atelierkirchmayr.at\/?page_id=12"},"modified":"2021-10-03T16:55:54","modified_gmt":"2021-10-03T14:55:54","slug":"startseite","status":"publish","type":"page","link":"https:\/\/www.atelierkirchmayr.at\/","title":{"rendered":"Startseite"},"content":{"rendered":"<section class=\"l-section wpb_row us_custom_6439ae6f hide_on_mobiles height_auto full_height valign_center width_full with_img\"><div class=\"l-section-img\" role=\"img\" aria-label=\"Bild\" data-img-width=\"2560\" data-img-height=\"1707\" style=\"background-image: url(https:\/\/www.atelierkirchmayr.at\/wp-content\/uploads\/2021\/08\/2021-02-21-Atelier-238-scaled.jpg);\"><\/div><div class=\"l-section-h i-cf\"><div class=\"g-cols vc_row via_grid cols_1 laptops-cols_inherit tablets-cols_inherit mobiles-cols_1 valign_top type_default stacking_default\"><div class=\"wpb_column vc_column_container\"><div class=\"vc_column-inner\"><div class=\"wpb_text_column us_custom_a5852f37 has_text_color\"><div class=\"wpb_wrapper\"><p>Malen ist ein Weg um Unaussprechlichem Raum zu geben, um Gedanken und Gef\u00fchle auf Papier zu \u00fcbertragen.<\/p>\n<p>Die Bildersprache bietet zwischen dem Kunstschaffenden und dem Betrachter die M\u00f6glichkeit der Kommunikation jenseits der Worte\u2026<\/p>\n<p>Herzlich Willkommen in meiner Bilderwelt!<\/p>\n<\/div><\/div><\/div><\/div><\/div><\/div><\/section><section class=\"l-section wpb_row us_custom_9c27a2f0 hide_on_default hide_on_laptops hide_on_tablets height_auto full_height valign_top width_full with_img\"><div class=\"l-section-img\" role=\"img\" aria-label=\"Bild\" data-img-width=\"2560\" data-img-height=\"1707\" style=\"background-image: url(https:\/\/www.atelierkirchmayr.at\/wp-content\/uploads\/2021\/08\/2021-02-21-Atelier-238-scaled.jpg);\"><\/div><div class=\"l-section-h i-cf\"><div class=\"g-cols vc_row via_grid cols_1 laptops-cols_inherit tablets-cols_inherit mobiles-cols_1 valign_top type_default stacking_default\"><div class=\"wpb_column vc_column_container\"><div class=\"vc_column-inner\"><div class=\"wpb_text_column us_custom_29e10190 has_text_color\"><div class=\"wpb_wrapper\"><p><strong>Atelier Sigrid Kirchmayr<\/strong><\/p>\n<\/div><\/div><div class=\"wpb_text_column us_custom_7b7189c9 has_text_color\"><div class=\"wpb_wrapper\"><p>Malen ist ein Weg um Unaussprechlichem Raum zu geben, um Gedanken und Gef\u00fchle auf Papier zu \u00fcbertragen.<\/p>\n<p>Die Bildersprache bietet zwischen dem Kunstschaffenden und dem Betrachter die M\u00f6glichkeit der Kommunikation jenseits der Worte\u2026<\/p>\n<p>Herzlich Willkommen<br \/>\nin meiner Bilderwelt!<\/p>\n<\/div><\/div><\/div><\/div><\/div><\/div><\/section>\n","protected":false},"excerpt":{"rendered":"Malen ist ein Weg um Unaussprechlichem Raum zu geben, um Gedanken und Gef\u00fchle auf Papier zu \u00fcbertragen. Die Bildersprache bietet zwischen dem Kunstschaffenden und dem Betrachter die M\u00f6glichkeit der Kommunikation jenseits der Worte\u2026 Herzlich Willkommen in meiner Bilderwelt! Atelier Sigrid Kirchmayr Malen ist ein Weg um Unaussprechlichem Raum zu geben, um Gedanken und Gef\u00fchle auf...","protected":false},"author":1,"featured_media":0,"parent":0,"menu_order":0,"comment_status":"closed","ping_status":"closed","template":"","meta":{"footnotes":""},"class_list":["post-12","page","type-page","status-publish","hentry"],"_links":{"self":[{"href":"https:\/\/www.atelierkirchmayr.at\/index.php?rest_route=\/wp\/v2\/pages\/12","targetHints":{"allow":["GET"]}}],"collection":[{"href":"https:\/\/www.atelierkirchmayr.at\/index.php?rest_route=\/wp\/v2\/pages"}],"about":[{"href":"https:\/\/www.atelierkirchmayr.at\/index.php?rest_route=\/wp\/v2\/types\/page"}],"author":[{"embeddable":true,"href":"https:\/\/www.atelierkirchmayr.at\/index.php?rest_route=\/wp\/v2\/users\/1"}],"replies":[{"embeddable":true,"href":"https:\/\/www.atelierkirchmayr.at\/index.php?rest_route=%2Fwp%2Fv2%2Fcomments&post=12"}],"version-history":[{"count":76,"href":"https:\/\/www.atelierkirchmayr.at\/index.php?rest_route=\/wp\/v2\/pages\/12\/revisions"}],"predecessor-version":[{"id":371,"href":"https:\/\/www.atelierkirchmayr.at\/index.php?rest_route=\/wp\/v2\/pages\/12\/revisions\/371"}],"wp:attachment":[{"href":"https:\/\/www.atelierkirchmayr.at\/index.php?rest_route=%2Fwp%2Fv2%2Fmedia&parent=12"}],"curies":[{"name":"wp","href":"https:\/\/api.w.org\/{rel}","templated":true}]}}